{"id":250336,"date":"2023-08-28T11:52:33","date_gmt":"2023-08-28T09:52:33","guid":{"rendered":"https:\/\/camec.laspezia.it\/?page_id=250336"},"modified":"2024-12-12T12:05:31","modified_gmt":"2024-12-12T11:05:31","slug":"home","status":"publish","type":"page","link":"https:\/\/camec.museilaspezia.it\/en\/","title":{"rendered":"Home"},"content":{"rendered":"<p>[et_pb_section fb_built=&#8221;1&#8243; fullwidth=&#8221;on&#8221; _builder_version=&#8221;4.27.2&#8243; _module_preset=&#8221;default&#8221; background_enable_image=&#8221;off&#8221; width=&#8221;80%&#8221; max_width=&#8221;100%&#8221; module_alignment=&#8221;center&#8221; custom_margin=&#8221;0px|0px|0px|0px|true|true&#8221; custom_padding=&#8221;0px|0px|0px|0px|true|true&#8221; animation_style=&#8221;fade&#8221; animation_duration=&#8221;2000ms&#8221; animation_starting_opacity=&#8221;75%&#8221; animation_speed_curve=&#8221;ease-out&#8221; global_colors_info=&#8221;{}&#8221;][et_pb_fullwidth_image src=&#8221;https:\/\/camec.museilaspezia.it\/wp-content\/uploads\/2024\/10\/CAMEC_testata_big-1.jpg&#8221; alt=&#8221;CAMeC&#8221; title_text=&#8221;CAMEC_testata_big&#8221; _builder_version=&#8221;4.27.2&#8243; _module_preset=&#8221;default&#8221; custom_margin=&#8221;32px||||false|false&#8221; global_colors_info=&#8221;{}&#8221;][\/et_pb_fullwidth_image][\/et_pb_section][et_pb_section fb_built=&#8221;1&#8243; _builder_version=&#8221;4.27.2&#8243; _module_preset=&#8221;default&#8221; custom_margin=&#8221;30px||||false|false&#8221; custom_padding=&#8221;5px|||||&#8221; locked=&#8221;off&#8221; global_colors_info=&#8221;{}&#8221;][et_pb_row column_structure=&#8221;1_2,1_2&#8243; _builder_version=&#8221;4.27.2&#8243; _module_preset=&#8221;default&#8221; custom_padding=&#8221;2px|||||&#8221; global_colors_info=&#8221;{}&#8221;][et_pb_column type=&#8221;1_2&#8243; _builder_version=&#8221;4.27.2&#8243; _module_preset=&#8221;default&#8221; global_colors_info=&#8221;{}&#8221;][et_pb_blurb title=&#8221;CAMeC for All &#8211; Accessibility Room&#8221; url=&#8221;@ET-DC@eyJkeW5hbWljIjp0cnVlLCJjb250ZW50IjoicG9zdF9saW5rX3VybF9wb3N0Iiwic2V0dGluZ3MiOnsicG9zdF9pZCI6IjI1MjM1MiJ9fQ==@&#8221; image=&#8221;https:\/\/camec.museilaspezia.it\/wp-content\/uploads\/2024\/11\/accessibility_room_2.jpg&#8221; _builder_version=&#8221;4.27.2&#8243; _dynamic_attributes=&#8221;link_option_url,url&#8221; _module_preset=&#8221;default&#8221; link_option_url=&#8221;@ET-DC@eyJkeW5hbWljIjp0cnVlLCJjb250ZW50IjoicG9zdF9saW5rX3VybF9wb3N0Iiwic2V0dGluZ3MiOnsicG9zdF9pZCI6IjI1MjMyNCJ9fQ==@&#8221; global_colors_info=&#8221;{}&#8221;]<\/p>\n<p>Thanks to a design free of perceptive and sensorial barriers, visitors with diverse sensory and mobility needs can immerse themselves in the exhibition experience in full autonomy.<\/p>\n<p><span class=\"Apple-converted-space\"><\/span><\/p>\n<p><span class=\"Apple-converted-space\"><\/span><\/p>\n<p>[\/et_pb_blurb][\/et_pb_column][et_pb_column type=&#8221;1_2&#8243; _builder_version=&#8221;4.27.2&#8243; _module_preset=&#8221;default&#8221; global_colors_info=&#8221;{}&#8221;][et_pb_blurb title=&#8221;New exhibition of the permanent Collection curated by Gerhard Wolf&#8221; url=&#8221;@ET-DC@eyJkeW5hbWljIjp0cnVlLCJjb250ZW50IjoicG9zdF9saW5rX3VybF9wb3N0Iiwic2V0dGluZ3MiOnsicG9zdF9pZCI6IjI1MjMwMCJ9fQ==@&#8221; image=&#8221;https:\/\/camec.museilaspezia.it\/wp-content\/uploads\/2024\/11\/nuovo-camec-la-spezia.jpg&#8221; _builder_version=&#8221;4.27.2&#8243; _dynamic_attributes=&#8221;link_option_url,url&#8221; _module_preset=&#8221;default&#8221; link_option_url=&#8221;@ET-DC@eyJkeW5hbWljIjp0cnVlLCJjb250ZW50IjoicG9zdF9saW5rX3VybF9wb3N0Iiwic2V0dGluZ3MiOnsicG9zdF9pZCI6IjI1MjM1MiJ9fQ==@&#8221; global_colors_info=&#8221;{}&#8221;]<\/p>\n<p>The CAMeC Museum offers a truly immersive experience through its Permanent Collection.<\/p>\n<p><span class=\"Apple-converted-space\"><\/span><\/p>\n<p><span class=\"Apple-converted-space\"><\/span><\/p>\n<p>[\/et_pb_blurb][\/et_pb_column][\/et_pb_row][\/et_pb_section]<\/p>\n","protected":false},"excerpt":{"rendered":"<p>Thanks to a design free of perceptive and sensorial barriers, visitors with diverse sensory and mobility needs can immerse themselves in the exhibition experience in full autonomy. The CAMeC Museum offers a truly immersive experience through its Permanent Collection.<\/p>\n","protected":false},"author":1,"featured_media":0,"parent":0,"menu_order":0,"comment_status":"closed","ping_status":"open","template":"","meta":{"_acf_changed":false,"_et_pb_use_builder":"on","_et_pb_old_content":"[et_pb_section fb_built=\"1\" fullwidth=\"on\" _builder_version=\"4.23.1\" _module_preset=\"default\" background_image=\"https:\/\/camec.laspezia.it\/wp-content\/uploads\/2023\/11\/fondo_acido_onde.jpg\" width=\"100%\" max_width=\"100%\" custom_margin=\"0px|0px|0px|0px|true|true\" custom_padding=\"0px|0px|0px|0px|true|true\" animation_style=\"fade\" animation_duration=\"2000ms\" animation_starting_opacity=\"75%\" animation_speed_curve=\"ease-out\" global_colors_info=\"{}\"][et_pb_fullwidth_slider show_pagination=\"off\" use_bg_overlay=\"off\" dot_nav_custom_color=\"#FFFFFF\" _builder_version=\"4.23.1\" _dynamic_attributes=\"link_option_url\" _module_preset=\"default\" header_level=\"h1\" header_font=\"|600||on|||||\" header_text_color=\"#000000\" header_font_size=\"16px\" body_font=\"||||||||\" body_text_color=\"#000000\" background_color=\"RGBA(255,255,255,0)\" custom_button=\"on\" button_text_color=\"#FFFFFF\" button_bg_color=\"#000000\" button_border_width=\"0px\" width=\"100%\" width_tablet=\"100%\" width_phone=\"100%\" width_last_edited=\"on|phone\" module_alignment=\"left\" content_width=\"100%\" content_max_width=\"553px\" content_max_width_tablet=\"100%\" content_max_width_phone=\"100%\" content_max_width_last_edited=\"on|phone\" min_height=\"420px\" custom_margin=\"0px||0px||true|false\" custom_margin_tablet=\"0px||0px||true|false\" custom_margin_phone=\"|0px||0px|true|false\" custom_margin_last_edited=\"on|phone\" custom_padding=\"30px|0px|30px|0px|true|false\" link_option_url=\"@ET-DC@eyJkeW5hbWljIjp0cnVlLCJjb250ZW50IjoicG9zdF9saW5rX3VybF9wb3N0Iiwic2V0dGluZ3MiOnsicG9zdF9pZCI6IjI0OTQ0MiJ9fQ==@\" global_colors_info=\"{}\"][et_pb_slide heading=\"La stanza del colore\" button_link=\"https:\/\/camec.laspezia.it\/archivio-mostre\/stanza-del-colore\/\" image=\"https:\/\/camec.laspezia.it\/wp-content\/uploads\/2023\/09\/ruota-del-colore.jpg\" image_tablet=\"\" image_phone=\"\" image_last_edited=\"on|tablet\" _builder_version=\"4.23.1\" _dynamic_attributes=\"link_option_url\" _module_preset=\"default\" header_level=\"h1\" header_font=\"||||||||\" header_font_size=\"22px\" body_font=\"||||||||\" background_layout=\"light\" width_tablet=\"50%\" width_phone=\"\" width_last_edited=\"on|tablet\" max_width=\"90%\" custom_padding=\"||||false|false\" link_option_url=\"@ET-DC@eyJkeW5hbWljIjp0cnVlLCJjb250ZW50IjoicG9zdF9saW5rX3VybF9wb3N0Iiwic2V0dGluZ3MiOnsicG9zdF9pZCI6IjI0OTQ0MiJ9fQ==@\" global_colors_info=\"{}\" sticky_transition=\"on\"]\n\n<strong>LABORATORIO DIDATTICO<\/strong>\n\nIdeata e curata da Cristiana Maucci, con la collaborazione di Eleonora Acerbi\n\n8 agosto 2023 | 14 gennaio 2024\n\n[\/et_pb_slide][et_pb_slide heading=\" Sarenco\" button_link=\"https:\/\/camec.laspezia.it\/mostre-in-corso\/sarenco\/\" image=\"https:\/\/camec.laspezia.it\/wp-content\/uploads\/2023\/09\/SARENCO.jpg\" image_tablet=\"\" image_phone=\"\" image_last_edited=\"on|tablet\" _builder_version=\"4.23.1\" _dynamic_attributes=\"link_option_url\" _module_preset=\"default\" header_level=\"h1\" header_font=\"||||||||\" header_font_size=\"22px\" body_font=\"||||||||\" background_layout=\"light\" width_tablet=\"50%\" width_phone=\"50%\" width_last_edited=\"on|tablet\" max_width=\"90%\" custom_padding=\"||||false|false\" link_option_url=\"@ET-DC@eyJkeW5hbWljIjp0cnVlLCJjb250ZW50IjoicG9zdF9saW5rX3VybF9wb3N0Iiwic2V0dGluZ3MiOnsicG9zdF9pZCI6IjI0ODY2MCJ9fQ==@\" global_colors_info=\"{}\" sticky_transition=\"on\"]\n\n<strong>LA PLATEA DELL'UMANITA'<\/strong>\n\n<strong>Presentazione del catalogo della mostra<\/strong>\n\nMercoled\u00ec 13 settembre, ore 17\n\n[\/et_pb_slide][\/et_pb_fullwidth_slider][\/et_pb_section][et_pb_section fb_built=\"1\" _builder_version=\"4.23.1\" _module_preset=\"default\" background_color=\"RGBA(255,255,255,0)\" custom_margin=\"32px||||false|false\" custom_padding=\"||0px||false|false\" border_color_all=\"RGBA(255,255,255,0)\" global_colors_info=\"{}\"][et_pb_row _builder_version=\"4.23.1\" _module_preset=\"default\" background_color=\"#FFFFFF\" custom_padding=\"12px||12px||true|false\" border_color_all=\"RGBA(255,255,255,0)\" border_color_top=\"#E02B20\" global_colors_info=\"{}\"][et_pb_column type=\"4_4\" hide_aria_element=\"on\" _builder_version=\"4.22.2\" _module_preset=\"default\" global_colors_info=\"{}\"][et_pb_blog_extras filterable_category_background_use_color_gradient=\"on\" include_categories=\"10\" blog_layout=\"block_extended\" featured_image_size=\"medium\" use_overlay=\"on\" overlay_icon_color=\"#FFFFFF\" hover_overlay_color=\"rgba(45,122,132,0.75)\" hover_icon=\"&#x49;||divi||400\" excerpt_length=\"0\" show_more=\"off\" show_author=\"off\" show_date=\"off\" category_color=\"#2D7A84\" category_background_color=\"RGBA(255,255,255,0)\" show_comments=\"off\" content_color=\"#000000\" admin_label=\"Divi Blog Extras\" _builder_version=\"4.23.1\" _dynamic_attributes=\"link_option_url\" _module_preset=\"c2fd362c-c194-4d74-a324-c17c03331f01\" filterable_category_font=\"|600||on|||||\" filterable_category_text_color=\"#000000\" filterable_category_line_height=\"1.6em\" header_level=\"h1\" header_font=\"|700||on|||||\" header_text_align=\"left\" header_text_color=\"#000000\" header_font_size=\"20px\" body_font=\"||||||||\" body_text_align=\"left\" body_text_color=\"#000000\" meta_font=\"|600||on|||||\" meta_text_align=\"left\" meta_text_color=\"#0C71C3\" meta_font_size=\"16px\" read_more_icon=\"&#xe046;||divi||400\" read_more_icon_color=\"#E02B20\" read_more_on_hover=\"off\" read_more_alignment=\"left\" custom_margin=\"0px||||false|false\" custom_padding=\"||0px||false|false\" link_option_url=\"@ET-DC@eyJkeW5hbWljIjp0cnVlLCJjb250ZW50IjoicG9zdF9saW5rX3VybF9wb3N0Iiwic2V0dGluZ3MiOnsicG9zdF9pZCI6IjI0ODY2MCJ9fQ==@\" custom_css_main_element=\"width: 100%;\" custom_css_post_meta=\"font-size: 16px;\" border_color_all=\"RGBA(255,255,255,0)\" border_style_all=\"none\" border_color_top=\"#000000\" global_colors_info=\"{}\"][\/et_pb_blog_extras][\/et_pb_column][\/et_pb_row][\/et_pb_section][et_pb_section fb_built=\"1\" _builder_version=\"4.23.1\" _module_preset=\"default\" background_color=\"#fd3400\" background_image=\"https:\/\/camec.laspezia.it\/wp-content\/uploads\/2023\/11\/fondo_arancione_onde.jpg\" custom_padding=\"40px||40px||true|false\" global_colors_info=\"{}\"][et_pb_row column_structure=\"1_3,1_3,1_3\" use_custom_gutter=\"on\" make_equal=\"on\" _builder_version=\"4.23.1\" _module_preset=\"default\" background_color=\"rgba(10,10,10,0.19)\" custom_margin=\"0px||0px||true|false\" custom_padding=\"16px|16px|16px|16px|true|true\" global_colors_info=\"{}\"][et_pb_column type=\"1_3\" _builder_version=\"4.22.2\" _module_preset=\"default\" global_colors_info=\"{}\"][et_pb_text _builder_version=\"4.23.1\" _module_preset=\"default\" text_font=\"||||||||\" text_text_color=\"#FFFFFF\" text_font_size=\"17px\" text_line_height=\"1.4rem\" header_font=\"||||||||\" background_color=\"RGBA(255,255,255,0)\" text_orientation=\"center\" background_layout=\"dark\" min_height=\"200px\" custom_margin=\"||10px||false|false\" custom_margin_tablet=\"\" custom_margin_phone=\"\" custom_margin_last_edited=\"on|desktop\" custom_padding=\"10px||10px||true|false\" custom_padding_tablet=\"10px||||false|false\" custom_padding_phone=\"10px||||false|false\" custom_padding_last_edited=\"on|phone\" global_colors_info=\"{}\"]\n<p style=\"text-align: left;\">La nuova Accessibility Room del CAMeC risponde all'esigenza di amplificare la sua missione di servizio pubblico e la sua vocazione inclusiva: \u00e8 uno spazio che espone importanti opere appartenenti alle collezioni, dedicato a tutte le abilit\u00e0. Grazie ad un allestimento privo di barriere percettive e sensoriali, gli utenti con diversa sensibilit\u00e0 e mobilit\u00e0 possono vivere l'esperienza della\nvisita accedendo alle <em>informazioni<\/em> in autonomia.<\/p>\n[\/et_pb_text][\/et_pb_column][et_pb_column type=\"1_3\" _builder_version=\"4.22.1\" _module_preset=\"default\" global_colors_info=\"{}\"][et_pb_image src=\"https:\/\/camec.laspezia.it\/wp-content\/uploads\/2023\/11\/logo-camec-pertutti-352.png\" alt=\"Per tutti - For all\" title_text=\"logo-camec-pertutti-352\" align=\"center\" _builder_version=\"4.23.1\" _module_preset=\"default\" width=\"60%\" custom_padding=\"16px||||false|false\" global_colors_info=\"{}\"][\/et_pb_image][\/et_pb_column][et_pb_column type=\"1_3\" _builder_version=\"4.22.1\" _module_preset=\"default\" global_colors_info=\"{}\"][et_pb_text _builder_version=\"4.23.1\" _module_preset=\"default\" text_font=\"||||||||\" text_text_color=\"#FFFFFF\" text_font_size=\"17px\" text_line_height=\"1.4rem\" header_font=\"||||||||\" background_color=\"RGBA(255,255,255,0)\" text_orientation=\"center\" background_layout=\"dark\" min_height=\"200px\" custom_margin=\"||10px||false|false\" custom_margin_tablet=\"\" custom_margin_phone=\"\" custom_margin_last_edited=\"on|desktop\" custom_padding=\"10px||10px||true|false\" custom_padding_tablet=\"10px||||false|false\" custom_padding_phone=\"10px||||false|false\" custom_padding_last_edited=\"on|phone\" global_colors_info=\"{}\"]\n<p style=\"text-align: left;\">In particolare i visitatori non vedenti o ipovedenti possono muoversi seguendo un percorso plantare, leggere in braille o ascoltare la narrazione descrittiva delle opere, toccare la fedele riproduzione tattile mentre le persone con sordit\u00e0 possono usufruire di video con spiegazioni in LIS e video sottotitolati . Insieme alla Accessibility Room, il CAMeC si \u00e8 dotato di un nuovo sito web e di una nuova funzionale APP, ampiamente fruibili da parte delle diverse abilit\u00e0, e di una postazione\nintroduttiva, posta all'ingresso.<\/p>\n[\/et_pb_text][\/et_pb_column][\/et_pb_row][\/et_pb_section]","_et_gb_content_width":"","footnotes":""},"class_list":["post-250336","page","type-page","status-publish","hentry"],"acf":[],"yoast_head":"<!-- This site is optimized with the Yoast SEO plugin v25.1 - https:\/\/yoast.com\/wordpress\/plugins\/seo\/ -->\n<title>Home - CAMeC<\/title>\n<meta name=\"robots\" content=\"index, follow, max-snippet:-1, max-image-preview:large, max-video-preview:-1\" \/>\n<link rel=\"canonical\" href=\"https:\/\/camec.museilaspezia.it\/en\/\" \/>\n<meta property=\"og:locale\" content=\"en_US\" \/>\n<meta property=\"og:type\" content=\"article\" \/>\n<meta property=\"og:title\" content=\"Home - CAMeC\" \/>\n<meta property=\"og:description\" content=\"Thanks to a design free of perceptive and sensorial barriers, visitors with diverse sensory and mobility needs can immerse themselves in the exhibition experience in full autonomy. The CAMeC Museum offers a truly immersive experience through its Permanent Collection.\" \/>\n<meta property=\"og:url\" content=\"https:\/\/camec.museilaspezia.it\/en\/\" \/>\n<meta property=\"og:site_name\" content=\"CAMeC\" \/>\n<meta property=\"article:publisher\" content=\"https:\/\/www.facebook.com\/camec.laspezia\" \/>\n<meta property=\"article:modified_time\" content=\"2024-12-12T11:05:31+00:00\" \/>\n<meta name=\"twitter:card\" content=\"summary_large_image\" \/>\n<meta name=\"twitter:label1\" content=\"Est. reading time\" \/>\n\t<meta name=\"twitter:data1\" content=\"2 minutes\" \/>\n<script type=\"application\/ld+json\" class=\"yoast-schema-graph\">{\"@context\":\"https:\/\/schema.org\",\"@graph\":[{\"@type\":\"WebPage\",\"@id\":\"https:\/\/camec.museilaspezia.it\/en\/\",\"url\":\"https:\/\/camec.museilaspezia.it\/en\/\",\"name\":\"Home - CAMeC\",\"isPartOf\":{\"@id\":\"https:\/\/camec.museilaspezia.it\/en\/#website\"},\"datePublished\":\"2023-08-28T09:52:33+00:00\",\"dateModified\":\"2024-12-12T11:05:31+00:00\",\"breadcrumb\":{\"@id\":\"https:\/\/camec.museilaspezia.it\/en\/#breadcrumb\"},\"inLanguage\":\"en-US\",\"potentialAction\":[{\"@type\":\"ReadAction\",\"target\":[\"https:\/\/camec.museilaspezia.it\/en\/\"]}]},{\"@type\":\"BreadcrumbList\",\"@id\":\"https:\/\/camec.museilaspezia.it\/en\/#breadcrumb\",\"itemListElement\":[{\"@type\":\"ListItem\",\"position\":1,\"name\":\"Home\",\"item\":\"https:\/\/camec.museilaspezia.it\/en\/\"},{\"@type\":\"ListItem\",\"position\":2,\"name\":\"Home\"}]},{\"@type\":\"WebSite\",\"@id\":\"https:\/\/camec.museilaspezia.it\/en\/#website\",\"url\":\"https:\/\/camec.museilaspezia.it\/en\/\",\"name\":\"CAMeC\",\"description\":\"CAMeC - Centro Arte Moderna e Contemporanea\",\"publisher\":{\"@id\":\"https:\/\/camec.museilaspezia.it\/en\/#organization\"},\"potentialAction\":[{\"@type\":\"SearchAction\",\"target\":{\"@type\":\"EntryPoint\",\"urlTemplate\":\"https:\/\/camec.museilaspezia.it\/en\/?s={search_term_string}\"},\"query-input\":{\"@type\":\"PropertyValueSpecification\",\"valueRequired\":true,\"valueName\":\"search_term_string\"}}],\"inLanguage\":\"en-US\"},{\"@type\":\"Organization\",\"@id\":\"https:\/\/camec.museilaspezia.it\/en\/#organization\",\"name\":\"CAMeC\",\"url\":\"https:\/\/camec.museilaspezia.it\/en\/\",\"logo\":{\"@type\":\"ImageObject\",\"inLanguage\":\"en-US\",\"@id\":\"https:\/\/camec.museilaspezia.it\/en\/#\/schema\/logo\/image\/\",\"url\":\"https:\/\/camec.comune.laspezia.it\/wp-content\/uploads\/2023\/11\/camec_logo_old.png\",\"contentUrl\":\"https:\/\/camec.comune.laspezia.it\/wp-content\/uploads\/2023\/11\/camec_logo_old.png\",\"width\":512,\"height\":512,\"caption\":\"CAMeC\"},\"image\":{\"@id\":\"https:\/\/camec.museilaspezia.it\/en\/#\/schema\/logo\/image\/\"},\"sameAs\":[\"https:\/\/www.facebook.com\/camec.laspezia\"]}]}<\/script>\n<!-- \/ Yoast SEO plugin. -->","yoast_head_json":{"title":"Home - CAMeC","robots":{"index":"index","follow":"follow","max-snippet":"max-snippet:-1","max-image-preview":"max-image-preview:large","max-video-preview":"max-video-preview:-1"},"canonical":"https:\/\/camec.museilaspezia.it\/en\/","og_locale":"en_US","og_type":"article","og_title":"Home - CAMeC","og_description":"Thanks to a design free of perceptive and sensorial barriers, visitors with diverse sensory and mobility needs can immerse themselves in the exhibition experience in full autonomy. The CAMeC Museum offers a truly immersive experience through its Permanent Collection.","og_url":"https:\/\/camec.museilaspezia.it\/en\/","og_site_name":"CAMeC","article_publisher":"https:\/\/www.facebook.com\/camec.laspezia","article_modified_time":"2024-12-12T11:05:31+00:00","twitter_card":"summary_large_image","twitter_misc":{"Est. reading time":"2 minutes"},"schema":{"@context":"https:\/\/schema.org","@graph":[{"@type":"WebPage","@id":"https:\/\/camec.museilaspezia.it\/en\/","url":"https:\/\/camec.museilaspezia.it\/en\/","name":"Home - CAMeC","isPartOf":{"@id":"https:\/\/camec.museilaspezia.it\/en\/#website"},"datePublished":"2023-08-28T09:52:33+00:00","dateModified":"2024-12-12T11:05:31+00:00","breadcrumb":{"@id":"https:\/\/camec.museilaspezia.it\/en\/#breadcrumb"},"inLanguage":"en-US","potentialAction":[{"@type":"ReadAction","target":["https:\/\/camec.museilaspezia.it\/en\/"]}]},{"@type":"BreadcrumbList","@id":"https:\/\/camec.museilaspezia.it\/en\/#breadcrumb","itemListElement":[{"@type":"ListItem","position":1,"name":"Home","item":"https:\/\/camec.museilaspezia.it\/en\/"},{"@type":"ListItem","position":2,"name":"Home"}]},{"@type":"WebSite","@id":"https:\/\/camec.museilaspezia.it\/en\/#website","url":"https:\/\/camec.museilaspezia.it\/en\/","name":"CAMeC","description":"CAMeC - Centro Arte Moderna e Contemporanea","publisher":{"@id":"https:\/\/camec.museilaspezia.it\/en\/#organization"},"potentialAction":[{"@type":"SearchAction","target":{"@type":"EntryPoint","urlTemplate":"https:\/\/camec.museilaspezia.it\/en\/?s={search_term_string}"},"query-input":{"@type":"PropertyValueSpecification","valueRequired":true,"valueName":"search_term_string"}}],"inLanguage":"en-US"},{"@type":"Organization","@id":"https:\/\/camec.museilaspezia.it\/en\/#organization","name":"CAMeC","url":"https:\/\/camec.museilaspezia.it\/en\/","logo":{"@type":"ImageObject","inLanguage":"en-US","@id":"https:\/\/camec.museilaspezia.it\/en\/#\/schema\/logo\/image\/","url":"https:\/\/camec.comune.laspezia.it\/wp-content\/uploads\/2023\/11\/camec_logo_old.png","contentUrl":"https:\/\/camec.comune.laspezia.it\/wp-content\/uploads\/2023\/11\/camec_logo_old.png","width":512,"height":512,"caption":"CAMeC"},"image":{"@id":"https:\/\/camec.museilaspezia.it\/en\/#\/schema\/logo\/image\/"},"sameAs":["https:\/\/www.facebook.com\/camec.laspezia"]}]}},"publishpress_future_action":{"enabled":false,"date":"2026-04-20 00:04:05","action":"change-status","newStatus":"draft","terms":[],"taxonomy":"translation_priority"},"publishpress_future_workflow_manual_trigger":{"enabledWorkflows":[]},"_links":{"self":[{"href":"https:\/\/camec.museilaspezia.it\/en\/wp-json\/wp\/v2\/pages\/250336","targetHints":{"allow":["GET"]}}],"collection":[{"href":"https:\/\/camec.museilaspezia.it\/en\/wp-json\/wp\/v2\/pages"}],"about":[{"href":"https:\/\/camec.museilaspezia.it\/en\/wp-json\/wp\/v2\/types\/page"}],"author":[{"embeddable":true,"href":"https:\/\/camec.museilaspezia.it\/en\/wp-json\/wp\/v2\/users\/1"}],"replies":[{"embeddable":true,"href":"https:\/\/camec.museilaspezia.it\/en\/wp-json\/wp\/v2\/comments?post=250336"}],"version-history":[{"count":36,"href":"https:\/\/camec.museilaspezia.it\/en\/wp-json\/wp\/v2\/pages\/250336\/revisions"}],"predecessor-version":[{"id":252514,"href":"https:\/\/camec.museilaspezia.it\/en\/wp-json\/wp\/v2\/pages\/250336\/revisions\/252514"}],"wp:attachment":[{"href":"https:\/\/camec.museilaspezia.it\/en\/wp-json\/wp\/v2\/media?parent=250336"}],"curies":[{"name":"wp","href":"https:\/\/api.w.org\/{rel}","templated":true}]}}